{"id":2,"date":"2019-07-10T09:47:20","date_gmt":"2019-07-10T09:47:20","guid":{"rendered":"https:\/\/sauberundguenstig.de\/?page_id=2"},"modified":"2026-01-28T20:39:53","modified_gmt":"2026-01-28T19:39:53","slug":"impressium","status":"publish","type":"page","link":"https:\/\/sauberundguenstig.de\/?page_id=2","title":{"rendered":"Impressum"},"content":{"rendered":"<div id=\"site-content\" class=\"site-content clearfix\">\n<div id=\"inner-content\" class=\"inner-content-wrap\">\n<article class=\"page-content post-1418 page type-page status-publish hentry\">\n<p style=\"text-align: center;\"><strong>Impressum<br \/>\n<\/strong><br \/>\nAngaben gem\u00e4\u00df \u00a7 5 TMG<span dir=\"ltr\" role=\"presentation\"><br \/>\n<\/span><\/p>\n<p><strong><span dir=\"ltr\" role=\"presentation\">Sauber &amp; G\u00fcnstig GbR<\/span><\/strong><br role=\"presentation\" \/><span dir=\"ltr\" role=\"presentation\">Gesch\u00e4ftsf\u00fchrer: Abdalkader Alghazi<\/span><br role=\"presentation\" \/><span dir=\"ltr\" role=\"presentation\">Alte Heroldstr. 14F<br \/>\n48163 M\u00fcnster<\/span><\/p>\n<p><strong><span dir=\"ltr\" role=\"presentation\">Kontakt<\/span><\/strong><br role=\"presentation\" \/><span dir=\"ltr\" role=\"presentation\">Telefon: +49 251 28704664<br \/>\nTelefon: +49 251 <\/span>28768177<br role=\"presentation\" \/><span dir=\"ltr\" role=\"presentation\">E-Mail: info@sauberundguenstig.de<\/span><\/p>\n<p><strong>Umsatzsteuer-ID<\/strong><br \/>\nUmsatzsteuer-Identifikationsnummer gem\u00e4\u00df \u00a7 27 a Umsatzsteuergesetz: DE455117049<\/p>\n<p><strong>EU-Streitschlichtung<\/strong><br \/>\nDie Europ\u00e4ische Kommission stellt eine Plattform zur Online-Streitbeilegung (OS) bereit:<br \/>\nhttps:\/\/ec.europa.eu\/consumers\/odr\/.<\/p>\n<p>Unsere E-Mail-Adresse finden Sie oben im Impressum.<\/p>\n<p><strong>Verbraucherstreitbeilegung\/Universalschlichtungsstelle<\/strong><\/p>\n<p>Wir sind nicht bereit oder verpflichtet, an Streitbeilegungsverfahren vor einer Verbraucherschlichtungsstelle teilzunehmen.<\/p>\n<p>Quelle:<br \/>\neRecht24<\/p>\n<\/article>\n<\/div>\n<\/div>\n","protected":false},"excerpt":{"rendered":"<p>Impressum Angaben gem\u00e4\u00df \u00a7 5 TMG Sauber &amp; G\u00fcnstig GbRGesch\u00e4ftsf\u00fchrer: Abdalkader AlghaziAlte Heroldstr. 14F 48163 M\u00fcnster KontaktTelefon: +49 251 28704664 Telefon: +49 251 28768177E-Mail: info@sauberundguenstig.de Umsatzsteuer-ID Umsatzsteuer-Identifikationsnummer gem\u00e4\u00df \u00a7 27 a Umsatzsteuergesetz: DE455117049 EU-Streitschlichtung Die Europ\u00e4ische Kommission stellt eine Plattform zur Online-Streitbeilegung (OS) bereit: https:\/\/ec.europa.eu\/consumers\/odr\/. Unsere E-Mail-Adresse finden Sie oben im Impressum. Verbraucherstreitbeilegung\/Universalschlichtungsstelle Wir sind [&hellip;]<\/p>\n","protected":false},"author":1,"featured_media":0,"parent":0,"menu_order":0,"comment_status":"closed","ping_status":"open","template":"","meta":[],"_links":{"self":[{"href":"https:\/\/sauberundguenstig.de\/index.php?rest_route=\/wp\/v2\/pages\/2"}],"collection":[{"href":"https:\/\/sauberundguenstig.de\/index.php?rest_route=\/wp\/v2\/pages"}],"about":[{"href":"https:\/\/sauberundguenstig.de\/index.php?rest_route=\/wp\/v2\/types\/page"}],"author":[{"embeddable":true,"href":"https:\/\/sauberundguenstig.de\/index.php?rest_route=\/wp\/v2\/users\/1"}],"replies":[{"embeddable":true,"href":"https:\/\/sauberundguenstig.de\/index.php?rest_route=%2Fwp%2Fv2%2Fcomments&post=2"}],"version-history":[{"count":10,"href":"https:\/\/sauberundguenstig.de\/index.php?rest_route=\/wp\/v2\/pages\/2\/revisions"}],"predecessor-version":[{"id":4578,"href":"https:\/\/sauberundguenstig.de\/index.php?rest_route=\/wp\/v2\/pages\/2\/revisions\/4578"}],"wp:attachment":[{"href":"https:\/\/sauberundguenstig.de\/index.php?rest_route=%2Fwp%2Fv2%2Fmedia&parent=2"}],"curies":[{"name":"wp","href":"https:\/\/api.w.org\/{rel}","templated":true}]}}