{"id":114,"date":"2019-07-15T04:24:10","date_gmt":"2019-07-15T04:24:10","guid":{"rendered":"https:\/\/sauberundguenstig.de\/?page_id=114"},"modified":"2022-11-18T19:18:47","modified_gmt":"2022-11-18T18:18:47","slug":"dienstleistungen","status":"publish","type":"page","link":"https:\/\/sauberundguenstig.de\/?page_id=114","title":{"rendered":"Dienstleistungen"},"content":{"rendered":"\t\t<div data-elementor-type=\"wp-post\" data-elementor-id=\"114\" class=\"elementor elementor-114\">\n\t\t\t\t\t\t<div class=\"elementor-inner\">\n\t\t\t\t<div class=\"elementor-section-wrap\">\n\t\t\t\t\t\t\t\t\t<section class=\"elementor-section elementor-top-section elementor-element elementor-element-ed11a40 elementor-section-stretched elementor-section-boxed elementor-section-height-default elementor-section-height-default\" data-id=\"ed11a40\" data-element_type=\"section\" data-settings=\"{&quot;stretch_section&quot;:&quot;section-stretched&quot;,&quot;background_background&quot;:&quot;classic&quot;}\">\n\t\t\t\t\t\t<div class=\"elementor-container elementor-column-gap-default\">\n\t\t\t\t\t\t\t<div class=\"elementor-row\">\n\t\t\t\t\t<div class=\"elementor-column elementor-col-100 elementor-top-column elementor-element elementor-element-ddc67cf\" data-id=\"ddc67cf\" data-element_type=\"column\">\n\t\t\t<div class=\"elementor-column-wrap elementor-element-populated\">\n\t\t\t\t\t\t\t<div class=\"elementor-widget-wrap\">\n\t\t\t\t\t\t<div class=\"elementor-element elementor-element-a1c2d52 elementor-widget elementor-widget-rt-service-grid\" data-id=\"a1c2d52\" data-element_type=\"widget\" data-widget_type=\"rt-service-grid.default\">\n\t\t\t\t<div class=\"elementor-widget-container\">\n\t\t\t<div class=\"service-default service-grid-layout1\">\n\t<div class=\"row  rt-masonry-grid\">\t\n\t\t\t\t<div class=\"col-lg-4 col-md-6 col-sm-6 col-xs-12 rt-grid-item\">\n\t\t\t<div class=\"rtin-item \">\n\t\t\t\t<div class=\"rtin-figure\">\n\t\t\t\t\t<a href=\"https:\/\/sauberundguenstig.de\/?clenix_service=treppenhausreinigung\">\n\t\t\t\t\t\t<img width=\"620\" height=\"672\" src=\"https:\/\/sauberundguenstig.de\/wp-content\/uploads\/2022\/12\/image-620x672.jpg\" class=\"img-fluid mb-10 width-100 wp-post-image\" alt=\"\" decoding=\"async\" loading=\"lazy\" \/>\t\t\t\t\t<\/a>\n\t\t\t\t<\/div>\n\t\t\t\t<div class=\"rtin-content\">\n\t\t\t\t\t\t\t\t\t\t<div class=\"rtin-icon\">\n\t\t\t\t\t\t\t\t\t\t\t\t\t<span><i class=\"flaticon-play-arrow\"><\/i><\/span>\n\t\t\t\t\t\t\t\t\t\t\t<\/div>\n\t\t\t\t\t\t\t\t\t\t<h3 class=\"rtin-title\"><a href=\"https:\/\/sauberundguenstig.de\/?clenix_service=treppenhausreinigung\">Treppenhausreinigung<\/a><\/h3>\n\t\t\t\t\t<div class=\"hover-content\">\n\t\t\t\t\t\t\t\t\t\t<p>Egal, ob Miethaus oder B\u00fcrogeb\u00e4ude: unser Reinigungsservice k\u00fcmmert sich um eine regelm\u00e4\u00dfige Reinigung Ihres<\/p>\n\t\t\t\t\t\t\t\t\t\t\t\t\t\t\t<div class=\"rtin-read\"><a class=\"yellow-button-1\" href=\"https:\/\/sauberundguenstig.de\/?clenix_service=treppenhausreinigung\">Weiterlesen<\/a><\/div>\n\t\t\t\t\t\t\t\t\t\t<\/div>\n\t\t\t\t<\/div>\n\t\t\t<\/div>\n\t\t<\/div>\n\t\t\t\n\t\t\t\t<div class=\"col-lg-4 col-md-6 col-sm-6 col-xs-12 rt-grid-item\">\n\t\t\t<div class=\"rtin-item \">\n\t\t\t\t<div class=\"rtin-figure\">\n\t\t\t\t\t<a href=\"https:\/\/sauberundguenstig.de\/?clenix_service=winterdienst\">\n\t\t\t\t\t\t<img width=\"620\" height=\"672\" src=\"https:\/\/sauberundguenstig.de\/wp-content\/uploads\/2022\/12\/csm_Winterdienst_Mann_Nikolay-N.-Antonov_5a837b0156-620x672.jpg\" class=\"img-fluid mb-10 width-100 wp-post-image\" alt=\"\" decoding=\"async\" loading=\"lazy\" \/>\t\t\t\t\t<\/a>\n\t\t\t\t<\/div>\n\t\t\t\t<div class=\"rtin-content\">\n\t\t\t\t\t\t\t\t\t\t<div class=\"rtin-icon\">\n\t\t\t\t\t\t\t\t\t\t\t\t\t<span><i class=\"flaticon-play-arrow\"><\/i><\/span>\n\t\t\t\t\t\t\t\t\t\t\t<\/div>\n\t\t\t\t\t\t\t\t\t\t<h3 class=\"rtin-title\"><a href=\"https:\/\/sauberundguenstig.de\/?clenix_service=winterdienst\">Winterdienst<\/a><\/h3>\n\t\t\t\t\t<div class=\"hover-content\">\n\t\t\t\t\t\t\t\t\t\t<p>Wir sorgen f\u00fcr sichere Stra\u00dfen, Gehwege, Betriebsfl\u00e4chen, Parkpl\u00e4tze, Treppenanlagen und damit f\u00fcr eine unfallfreie<\/p>\n\t\t\t\t\t\t\t\t\t\t\t\t\t\t\t<div class=\"rtin-read\"><a class=\"yellow-button-1\" href=\"https:\/\/sauberundguenstig.de\/?clenix_service=winterdienst\">Weiterlesen<\/a><\/div>\n\t\t\t\t\t\t\t\t\t\t<\/div>\n\t\t\t\t<\/div>\n\t\t\t<\/div>\n\t\t<\/div>\n\t\t\t\n\t\t\t\t<div class=\"col-lg-4 col-md-6 col-sm-6 col-xs-12 rt-grid-item\">\n\t\t\t<div class=\"rtin-item \">\n\t\t\t\t<div class=\"rtin-figure\">\n\t\t\t\t\t<a href=\"https:\/\/sauberundguenstig.de\/?clenix_service=jalousie-und-fassadenreinigung\">\n\t\t\t\t\t\t<img width=\"620\" height=\"672\" src=\"https:\/\/sauberundguenstig.de\/wp-content\/uploads\/2022\/11\/Jalousiereinigung-620x672.jpg\" class=\"img-fluid mb-10 width-100 wp-post-image\" alt=\"\" decoding=\"async\" loading=\"lazy\" \/>\t\t\t\t\t<\/a>\n\t\t\t\t<\/div>\n\t\t\t\t<div class=\"rtin-content\">\n\t\t\t\t\t\t\t\t\t\t<div class=\"rtin-icon\">\n\t\t\t\t\t\t\t\t\t\t\t\t\t<span><i class=\"flaticon-clean-1\"><\/i><\/span>\n\t\t\t\t\t\t\t\t\t\t\t<\/div>\n\t\t\t\t\t\t\t\t\t\t<h3 class=\"rtin-title\"><a href=\"https:\/\/sauberundguenstig.de\/?clenix_service=jalousie-und-fassadenreinigung\">Jalousie und Fassadenreinigung<\/a><\/h3>\n\t\t\t\t\t<div class=\"hover-content\">\n\t\t\t\t\t\t\t\t\t\t<p>Jalousien und Rolll\u00e4den sind in den meisten F\u00e4llen aus Metall und Kunststoffen. Sie sind<\/p>\n\t\t\t\t\t\t\t\t\t\t\t\t\t\t\t<div class=\"rtin-read\"><a class=\"yellow-button-1\" href=\"https:\/\/sauberundguenstig.de\/?clenix_service=jalousie-und-fassadenreinigung\">Weiterlesen<\/a><\/div>\n\t\t\t\t\t\t\t\t\t\t<\/div>\n\t\t\t\t<\/div>\n\t\t\t<\/div>\n\t\t<\/div>\n\t\t\t\n\t\t\t\t<div class=\"col-lg-4 col-md-6 col-sm-6 col-xs-12 rt-grid-item\">\n\t\t\t<div class=\"rtin-item \">\n\t\t\t\t<div class=\"rtin-figure\">\n\t\t\t\t\t<a href=\"https:\/\/sauberundguenstig.de\/?clenix_service=fensterreinigung\">\n\t\t\t\t\t\t<img width=\"620\" height=\"672\" src=\"https:\/\/sauberundguenstig.de\/wp-content\/uploads\/2019\/07\/penceretem-620x672.jpg\" class=\"img-fluid mb-10 width-100 wp-post-image\" alt=\"\" decoding=\"async\" loading=\"lazy\" \/>\t\t\t\t\t<\/a>\n\t\t\t\t<\/div>\n\t\t\t\t<div class=\"rtin-content\">\n\t\t\t\t\t\t\t\t\t\t<div class=\"rtin-icon\">\n\t\t\t\t\t\t\t\t\t\t\t\t\t<span><i class=\"flaticon-clean\"><\/i><\/span>\n\t\t\t\t\t\t\t\t\t\t\t<\/div>\n\t\t\t\t\t\t\t\t\t\t<h3 class=\"rtin-title\"><a href=\"https:\/\/sauberundguenstig.de\/?clenix_service=fensterreinigung\">Fensterreinigung<\/a><\/h3>\n\t\t\t\t\t<div class=\"hover-content\">\n\t\t\t\t\t\t\t\t\t\t<p>Fenster zu reinigen ist nicht unbedingt jedermanns Sache \u2013 schlie\u00dflich kostet die Reinigung im<\/p>\n\t\t\t\t\t\t\t\t\t\t\t\t\t\t\t<div class=\"rtin-read\"><a class=\"yellow-button-1\" href=\"https:\/\/sauberundguenstig.de\/?clenix_service=fensterreinigung\">Weiterlesen<\/a><\/div>\n\t\t\t\t\t\t\t\t\t\t<\/div>\n\t\t\t\t<\/div>\n\t\t\t<\/div>\n\t\t<\/div>\n\t\t\t\n\t\t\t\t<div class=\"col-lg-4 col-md-6 col-sm-6 col-xs-12 rt-grid-item\">\n\t\t\t<div class=\"rtin-item \">\n\t\t\t\t<div class=\"rtin-figure\">\n\t\t\t\t\t<a href=\"https:\/\/sauberundguenstig.de\/?clenix_service=unterhaltsreinigung\">\n\t\t\t\t\t\t<img width=\"620\" height=\"672\" src=\"https:\/\/sauberundguenstig.de\/wp-content\/uploads\/2019\/07\/homeclean-620x672.png\" class=\"img-fluid mb-10 width-100 wp-post-image\" alt=\"\" decoding=\"async\" loading=\"lazy\" \/>\t\t\t\t\t<\/a>\n\t\t\t\t<\/div>\n\t\t\t\t<div class=\"rtin-content\">\n\t\t\t\t\t\t\t\t\t\t<div class=\"rtin-icon\">\n\t\t\t\t\t\t\t\t\t\t\t\t\t<span><i class=\"flaticon-clean-3\"><\/i><\/span>\n\t\t\t\t\t\t\t\t\t\t\t<\/div>\n\t\t\t\t\t\t\t\t\t\t<h3 class=\"rtin-title\"><a href=\"https:\/\/sauberundguenstig.de\/?clenix_service=unterhaltsreinigung\">Unterhaltsreinigung<\/a><\/h3>\n\t\t\t\t\t<div class=\"hover-content\">\n\t\t\t\t\t\t\t\t\t\t<p>Das Wichtigste beim Hausreinigungsservice ist die Harmonie zwischen dem Kunden und dem Dienstleistungsunternehmen. Unser<\/p>\n\t\t\t\t\t\t\t\t\t\t\t\t\t\t\t<div class=\"rtin-read\"><a class=\"yellow-button-1\" href=\"https:\/\/sauberundguenstig.de\/?clenix_service=unterhaltsreinigung\">Weiterlesen<\/a><\/div>\n\t\t\t\t\t\t\t\t\t\t<\/div>\n\t\t\t\t<\/div>\n\t\t\t<\/div>\n\t\t<\/div>\n\t\t\t\n\t\t\t\t<div class=\"col-lg-4 col-md-6 col-sm-6 col-xs-12 rt-grid-item\">\n\t\t\t<div class=\"rtin-item \">\n\t\t\t\t<div class=\"rtin-figure\">\n\t\t\t\t\t<a href=\"https:\/\/sauberundguenstig.de\/?clenix_service=gebaeudereinigung\">\n\t\t\t\t\t\t<img width=\"620\" height=\"672\" src=\"https:\/\/sauberundguenstig.de\/wp-content\/uploads\/2019\/07\/bina-620x672.png\" class=\"img-fluid mb-10 width-100 wp-post-image\" alt=\"\" decoding=\"async\" loading=\"lazy\" \/>\t\t\t\t\t<\/a>\n\t\t\t\t<\/div>\n\t\t\t\t<div class=\"rtin-content\">\n\t\t\t\t\t\t\t\t\t\t<div class=\"rtin-icon\">\n\t\t\t\t\t\t\t\t\t\t\t\t\t<span><i class=\"flaticon-vacuum\"><\/i><\/span>\n\t\t\t\t\t\t\t\t\t\t\t<\/div>\n\t\t\t\t\t\t\t\t\t\t<h3 class=\"rtin-title\"><a href=\"https:\/\/sauberundguenstig.de\/?clenix_service=gebaeudereinigung\">Geb\u00e4udereinigung<\/a><\/h3>\n\t\t\t\t\t<div class=\"hover-content\">\n\t\t\t\t\t\t\t\t\t\t<p>Geb\u00e4udereinigung Geb\u00e4ude m\u00fcssen m\u00f6glicherweise gereinigt werden, z. B. im m\u00f6blierten und leeren Zustand, nach<\/p>\n\t\t\t\t\t\t\t\t\t\t\t\t\t\t\t<div class=\"rtin-read\"><a class=\"yellow-button-1\" href=\"https:\/\/sauberundguenstig.de\/?clenix_service=gebaeudereinigung\">Weiterlesen<\/a><\/div>\n\t\t\t\t\t\t\t\t\t\t<\/div>\n\t\t\t\t<\/div>\n\t\t\t<\/div>\n\t\t<\/div>\n\t\t\t\n\t\t\t\t<div class=\"col-lg-4 col-md-6 col-sm-6 col-xs-12 rt-grid-item\">\n\t\t\t<div class=\"rtin-item \">\n\t\t\t\t<div class=\"rtin-figure\">\n\t\t\t\t\t<a href=\"https:\/\/sauberundguenstig.de\/?clenix_service=bauabschlussreinigung\">\n\t\t\t\t\t\t<img width=\"620\" height=\"672\" src=\"https:\/\/sauberundguenstig.de\/wp-content\/uploads\/2019\/07\/insat-1-620x672.png\" class=\"img-fluid mb-10 width-100 wp-post-image\" alt=\"\" decoding=\"async\" loading=\"lazy\" \/>\t\t\t\t\t<\/a>\n\t\t\t\t<\/div>\n\t\t\t\t<div class=\"rtin-content\">\n\t\t\t\t\t\t\t\t\t\t<div class=\"rtin-icon\">\n\t\t\t\t\t\t\t\t\t\t\t\t\t<span><i class=\"flaticon-dishwasher\"><\/i><\/span>\n\t\t\t\t\t\t\t\t\t\t\t<\/div>\n\t\t\t\t\t\t\t\t\t\t<h3 class=\"rtin-title\"><a href=\"https:\/\/sauberundguenstig.de\/?clenix_service=bauabschlussreinigung\">Bauabschlussreinigung<\/a><\/h3>\n\t\t\t\t\t<div class=\"hover-content\">\n\t\t\t\t\t\t\t\t\t\t<p>Unser Betrieb in den H\u00e4usern nach dem Bau unterscheidet sich sehr von den H\u00e4usern,<\/p>\n\t\t\t\t\t\t\t\t\t\t\t\t\t\t\t<div class=\"rtin-read\"><a class=\"yellow-button-1\" href=\"https:\/\/sauberundguenstig.de\/?clenix_service=bauabschlussreinigung\">Weiterlesen<\/a><\/div>\n\t\t\t\t\t\t\t\t\t\t<\/div>\n\t\t\t\t<\/div>\n\t\t\t<\/div>\n\t\t<\/div>\n\t\t\t\n\t\t\t\t<div class=\"col-lg-4 col-md-6 col-sm-6 col-xs-12 rt-grid-item\">\n\t\t\t<div class=\"rtin-item \">\n\t\t\t\t<div class=\"rtin-figure\">\n\t\t\t\t\t<a href=\"https:\/\/sauberundguenstig.de\/?clenix_service=teppichreinigung\">\n\t\t\t\t\t\t<img width=\"620\" height=\"672\" src=\"https:\/\/sauberundguenstig.de\/wp-content\/uploads\/2019\/07\/teppichclean-1-620x672.jpg\" class=\"img-fluid mb-10 width-100 wp-post-image\" alt=\"\" decoding=\"async\" loading=\"lazy\" \/>\t\t\t\t\t<\/a>\n\t\t\t\t<\/div>\n\t\t\t\t<div class=\"rtin-content\">\n\t\t\t\t\t\t\t\t\t\t<div class=\"rtin-icon\">\n\t\t\t\t\t\t\t\t\t\t\t\t\t<span><i class=\"flaticon-brush\"><\/i><\/span>\n\t\t\t\t\t\t\t\t\t\t\t<\/div>\n\t\t\t\t\t\t\t\t\t\t<h3 class=\"rtin-title\"><a href=\"https:\/\/sauberundguenstig.de\/?clenix_service=teppichreinigung\">Teppichreinigung<\/a><\/h3>\n\t\t\t\t\t<div class=\"hover-content\">\n\t\t\t\t\t\t\t\t\t\t<p>Den Teppich nur zu staubsaugen hat den gleichen Effekt, als wenn man dreckige W\u00e4sche<\/p>\n\t\t\t\t\t\t\t\t\t\t\t\t\t\t\t<div class=\"rtin-read\"><a class=\"yellow-button-1\" href=\"https:\/\/sauberundguenstig.de\/?clenix_service=teppichreinigung\">Weiterlesen<\/a><\/div>\n\t\t\t\t\t\t\t\t\t\t<\/div>\n\t\t\t\t<\/div>\n\t\t\t<\/div>\n\t\t<\/div>\n\t\t\t\n\t\t\t\t<\/div>\n\t\t\t\t\t\t\t\t<\/div>\t\t<\/div>\n\t\t\t\t<\/div>\n\t\t\t\t\t\t<\/div>\n\t\t\t\t\t<\/div>\n\t\t<\/div>\n\t\t\t\t\t\t\t\t<\/div>\n\t\t\t\t\t<\/div>\n\t\t<\/section>\n\t\t\t\t\t\t\t\t\t<\/div>\n\t\t\t<\/div>\n\t\t\t\t\t<\/div>\n\t\t","protected":false},"excerpt":{"rendered":"<p>B\u00fcro putzen Mit unserem erfahrenen Team bieten wir Reinigungsdienste an, ohne die elektronischen Ger\u00e4te Ihres B\u00fcros Read More Hausreinigung Das Wichtigste beim Hausreinigungsservice ist die Harmonie zwischen dem Kunden und dem Dienstleistungsunternehmen. Unser Read More Geb\u00e4udereinigung Geb\u00e4udereinigungGeb\u00e4ude m\u00fcssen m\u00f6glicherweise gereinigt werden, z. B. im m\u00f6blierten und leeren Zustand, nach Bau Read More Poolreinigung Pools sind [&hellip;]<\/p>\n","protected":false},"author":1,"featured_media":0,"parent":0,"menu_order":0,"comment_status":"closed","ping_status":"closed","template":"","meta":[],"_links":{"self":[{"href":"https:\/\/sauberundguenstig.de\/index.php?rest_route=\/wp\/v2\/pages\/114"}],"collection":[{"href":"https:\/\/sauberundguenstig.de\/index.php?rest_route=\/wp\/v2\/pages"}],"about":[{"href":"https:\/\/sauberundguenstig.de\/index.php?rest_route=\/wp\/v2\/types\/page"}],"author":[{"embeddable":true,"href":"https:\/\/sauberundguenstig.de\/index.php?rest_route=\/wp\/v2\/users\/1"}],"replies":[{"embeddable":true,"href":"https:\/\/sauberundguenstig.de\/index.php?rest_route=%2Fwp%2Fv2%2Fcomments&post=114"}],"version-history":[{"count":4,"href":"https:\/\/sauberundguenstig.de\/index.php?rest_route=\/wp\/v2\/pages\/114\/revisions"}],"predecessor-version":[{"id":4368,"href":"https:\/\/sauberundguenstig.de\/index.php?rest_route=\/wp\/v2\/pages\/114\/revisions\/4368"}],"wp:attachment":[{"href":"https:\/\/sauberundguenstig.de\/index.php?rest_route=%2Fwp%2Fv2%2Fmedia&parent=114"}],"curies":[{"name":"wp","href":"https:\/\/api.w.org\/{rel}","templated":true}]}}